{"id":4,"date":"2016-02-28T13:23:00","date_gmt":"2016-02-28T12:23:00","guid":{"rendered":"http:\/\/www.kosmetika-pedikura.cz\/kosmetika\/?page_id=4"},"modified":"2016-03-07T19:30:41","modified_gmt":"2016-03-07T18:30:41","slug":"kontakt","status":"publish","type":"page","link":"http:\/\/www.kosmetika-pedikura.cz\/kosmetika\/kontakt\/","title":{"rendered":"Kontakt"},"content":{"rendered":"<p><strong>Simona \u0158eh\u016f\u0159kov\u00e1<\/strong><br \/>\nChel\u010dick\u00e9ho 280<br \/>\nHradec Kr\u00e1lov\u00e9<br \/>\nTel.: +420 778 053 374<\/p>\n<p>I\u010c: 48639257<br \/>\nFyzick\u00e1 osoba zapsan\u00e1 v \u017divnostensk\u00e9m rejst\u0159\u00edku od 17.11.1998<br \/>\nEviden\u010dn\u00ed \u010d\u00edslo v \u017eiv. rej.: 6605<\/p>\n<p><strong>Kde n\u00e1s najdete<\/strong><br \/>\nSalon kr\u00e1sy najdete v Hradci Kr\u00e1lov\u00e9, v centru, 100 metr\u016f od supermarketu TESCO, mezi BIO obchodem a vinot\u00e9kou U \u010cern\u00fdch v 1.pat\u0159e (50 metr\u016f od b\u00fdval\u00fdch Sigma pump).<\/p>\n<p><strong>Parkov\u00e1n\u00ed<\/strong><br \/>\nZaparkovat m\u016f\u017eete p\u0159\u00edmo p\u0159ed na\u0161\u00edm salonem nebo v Atriu.<\/p>\n<p><iframe loading=\"lazy\" style=\"border: 0;\" src=\"https:\/\/www.google.com\/maps\/embed?pb=!1m18!1m12!1m3!1d2553.177433525105!2d15.813495915722864!3d50.21390467944359!2m3!1f0!2f0!3f0!3m2!1i1024!2i768!4f13.1!3m3!1m2!1s0x470c2b2377c5eb35%3A0x2b0e4206d8fc8b98!2zQ2hlbMSNaWNrw6lobyAyODAvMjYsIFByYcW-c2vDqSBQxZllZG3Em3N0w60sIDUwMCAwMiBIcmFkZWMgS3LDoWxvdsOp!5e0!3m2!1scs!2scz!4v1456662084914\" width=\"600\" height=\"450\" frameborder=\"0\" allowfullscreen=\"allowfullscreen\"><\/iframe><\/p>\n","protected":false},"excerpt":{"rendered":"<p>Simona \u0158eh\u016f\u0159kov\u00e1 Chel\u010dick\u00e9ho 280 Hradec Kr\u00e1lov\u00e9 Tel.: +420 778 053 374 I\u010c: 48639257 Fyzick\u00e1 osoba zapsan\u00e1 v \u017divnostensk\u00e9m rejst\u0159\u00edku od 17.11.1998 Eviden\u010dn\u00ed \u010d\u00edslo v \u017eiv. rej.: 6605 Kde n\u00e1s najdete Salon kr\u00e1sy najdete v Hradci Kr\u00e1lov\u00e9, v centru, 100 metr\u016f od supermarketu TESCO, mezi BIO obchodem a vinot\u00e9kou U \u010cern\u00fdch v 1.pat\u0159e (50 metr\u016f od <a href=\"http:\/\/www.kosmetika-pedikura.cz\/kosmetika\/kontakt\/\" class=\"more-link\">[&hellip;]<\/a><\/p>\n","protected":false},"author":1,"featured_media":0,"parent":0,"menu_order":0,"comment_status":"closed","ping_status":"closed","template":"","meta":[],"_links":{"self":[{"href":"http:\/\/www.kosmetika-pedikura.cz\/kosmetika\/wp-json\/wp\/v2\/pages\/4"}],"collection":[{"href":"http:\/\/www.kosmetika-pedikura.cz\/kosmetika\/wp-json\/wp\/v2\/pages"}],"about":[{"href":"http:\/\/www.kosmetika-pedikura.cz\/kosmetika\/wp-json\/wp\/v2\/types\/page"}],"author":[{"embeddable":true,"href":"http:\/\/www.kosmetika-pedikura.cz\/kosmetika\/wp-json\/wp\/v2\/users\/1"}],"replies":[{"embeddable":true,"href":"http:\/\/www.kosmetika-pedikura.cz\/kosmetika\/wp-json\/wp\/v2\/comments?post=4"}],"version-history":[{"count":6,"href":"http:\/\/www.kosmetika-pedikura.cz\/kosmetika\/wp-json\/wp\/v2\/pages\/4\/revisions"}],"predecessor-version":[{"id":117,"href":"http:\/\/www.kosmetika-pedikura.cz\/kosmetika\/wp-json\/wp\/v2\/pages\/4\/revisions\/117"}],"wp:attachment":[{"href":"http:\/\/www.kosmetika-pedikura.cz\/kosmetika\/wp-json\/wp\/v2\/media?parent=4"}],"curies":[{"name":"wp","href":"https:\/\/api.w.org\/{rel}","templated":true}]}}