{"id":275,"date":"2016-03-10T19:40:36","date_gmt":"2016-03-10T18:40:36","guid":{"rendered":"http:\/\/www.kosmetika-pedikura.cz\/pedikura\/?page_id=275"},"modified":"2016-05-12T15:08:01","modified_gmt":"2016-05-12T14:08:01","slug":"fotogalerie","status":"publish","type":"page","link":"https:\/\/www.kosmetika-pedikura.cz\/pedikura\/fotogalerie\/","title":{"rendered":"Fotogalerie"},"content":{"rendered":"<p>&nbsp;<\/p>\n<div id=\"grid-gallery-2-23705\" data-gg-id=\"2\" data-title=\"Salon\" data-grid-type=\"0\" data-offset=\"20.3\" data-area-position=\"center\" data-icons=\"\" data-preloader=\"\" data-width=\"215\" data-height=\"215\" data-padding=\"0\" data-quicksand=\"disabled\" data-quicksand-duration=\"none\" data-popup-theme=\"theme_6\" data-popup-type=\"pretty-photo\" data-popup-image-text=\"title\" data-popup-widthsize=\"auto\" data-popup-heightsize=\"auto\" data-popup-i18n-words=\"{&quot;close&quot;:&quot;close&quot;,&quot;next&quot;:&quot;next&quot;,&quot;previous&quot;:&quot;previous&quot;,&quot;start_slideshow&quot;:&quot;start slideshow&quot;,&quot;stop_slideshow&quot;:&quot;stop slideshow&quot;,&quot;image&quot;:&quot;image&quot;,&quot;of&quot;:&quot;of&quot;,&quot;prev&quot;:&quot;prev&quot;,&quot;cExpand&quot;:&quot;Expand&quot;,&quot;cPrevious&quot;:&quot;Previous&quot;,&quot;cNext&quot;:&quot;Dal\\u0161\\u00ed&quot;,&quot;cExpandStr&quot;:&quot;Expand the image&quot;,&quot;cRotate&quot;:&quot;Rotate&quot;,&quot;cDetails&quot;:&quot;Details&quot;}\" data-popup-slideshow=\"true\" data-popup-slideshow-speed=\"2500\" data-popup-hoverstop=\"true\" data-popup-slideshow-auto=\"true\" data-popup-background=\"\" data-popup-transparency=\"30\" data-popup-disable-history=\"\" data-popup-disable-changed-url=\"\" data-popup-border-type=\"\" data-popup-border-color=\"\" data-popup-border-width=\"\" data-popup-border-enable=\"\" data-fullscreen=\"false\" data-hide-tooltip=\"false\" data-caption-font-family=\"Default\" data-caption-text-size=\"140\" data-is-mobile=\"0\" data-caption-mobile=\"false\" data-hide-long-tltp-title=\"0\" data-caption-disabled-on-mobile=\"false\" data-popup-placement-type=\"0\" data-social-sharing=\"{&quot;enabled&quot;:null,&quot;gallerySharing&quot;:{&quot;enabled&quot;:null,&quot;position&quot;:null},&quot;imageSharing&quot;:{&quot;enabled&quot;:null,&quot;wrapperClass&quot;:&quot; vertical &quot;},&quot;popupSharing&quot;:{&quot;enabled&quot;:null,&quot;wrapperClass&quot;:&quot; vertical &quot;}}\" class=\"grid-gallery grid-gallery-fixed \" style=\" width:100%; height:auto; margin-left:auto; margin-right:auto;position:relative;\"> <div class=\"gallery-loading\"> <div class=\"blocks\"> <div class=\"block\"><\/div> <div class=\"block\"><\/div> <div class=\"block\"><\/div> <div class=\"block\"><\/div> <\/div> <\/div> <div class=\"gallery-sharing-top\" style=\"display:none;\"> <\/div> <div id=\"photos-2\" class=\"grid-gallery-photos\"><FIGURE class=\"grid-gallery-caption\" data-grid-gallery-type=\"center\" data-index=\"0\" style=\"display:none;border-radius:100%;; margin:20.3px; width:2150;\" ><div class=\"crop\" style=\" width:2150; height:2150; overflow:hidden;\"><img decoding=\"async\" src=\"https:\/\/www.kosmetika-pedikura.cz\/pedikura\/wp-content\/uploads\/2021\/07\/IMG-20210714-WA0000-215x215.jpg\" class=\"ggImg\" alt=\"Mas\u00e1\u017ee v p\u0159\u00edjemn\u00e9m prost\u0159ed\u00ed Hradec Kr\u00e1lov\u00e9 \" title=\"Mas\u00e1\u017ee, Hradec Kr\u00e1lov\u00e9, super\" data-description=\"Mas\u00e1\u017ee, Hradec Kr\u00e1lov\u00e9, super\" data-caption=\"IMG-20210714-WA0000\" data-title=\"IMG-20210714-WA0000\" style=\" width:215px; height:215px;\" \/><\/div><FIGCAPTION class=\"\" data-alpha=\"10\" style=\"color:#ffffff; background-color:#3498db; font-size:140; text-align:left; font-family:Default;\" ><div class=\"grid-gallery-figcaption-wrap\" style=\"\"><\/div><\/FIGCAPTION><\/FIGURE><FIGURE class=\"grid-gallery-caption\" data-grid-gallery-type=\"center\" data-index=\"1\" style=\"display:none;border-radius:100%;; margin:20.3px; width:2150;\" ><div class=\"crop\" style=\" width:2150; height:2150; overflow:hidden;\"><img decoding=\"async\" src=\"https:\/\/www.kosmetika-pedikura.cz\/pedikura\/wp-content\/uploads\/2021\/07\/IMG-20210714-WA0001-215x215.jpg\" class=\"ggImg\" alt=\"Oddech a p\u0159\u00edjemn\u00e1 atmosf\u00e9ra\" title=\"Pedik\u00fara, Hradec Kr\u00e1lov\u00e9\" data-description=\"Pedik\u00fara, Hradec Kr\u00e1lov\u00e9\" data-caption=\"IMG-20210714-WA0001\" data-title=\"IMG-20210714-WA0001\" style=\" width:215px; height:215px;\" \/><\/div><FIGCAPTION class=\"\" data-alpha=\"10\" style=\"color:#ffffff; background-color:#3498db; font-size:140; text-align:left; font-family:Default;\" ><div class=\"grid-gallery-figcaption-wrap\" style=\"\"><\/div><\/FIGCAPTION><\/FIGURE><FIGURE class=\"grid-gallery-caption\" data-grid-gallery-type=\"center\" data-index=\"2\" style=\"display:none;border-radius:100%;; margin:20.3px; width:2150;\" ><div class=\"crop\" style=\" width:2150; height:2150; overflow:hidden;\"><img decoding=\"async\" src=\"https:\/\/www.kosmetika-pedikura.cz\/pedikura\/wp-content\/uploads\/2021\/07\/IMG-20210714-WA0002-215x215.jpg\" class=\"ggImg\" alt=\"Relax v Hradci Kr\u00e1lov\u00e9\" title=\"Mas\u00e1\u017ee a pedik\u00fara Hradec kr\u00e1lov\u00e9\" data-description=\"Mas\u00e1\u017ee a pedik\u00fara Hradec kr\u00e1lov\u00e9\" data-caption=\"IMG-20210714-WA0002\" data-title=\"IMG-20210714-WA0002\" style=\" width:215px; height:215px;\" \/><\/div><FIGCAPTION class=\"\" data-alpha=\"10\" style=\"color:#ffffff; background-color:#3498db; font-size:140; text-align:left; font-family:Default;\" ><div class=\"grid-gallery-figcaption-wrap\" style=\"\"><\/div><\/FIGCAPTION><\/FIGURE><FIGURE class=\"grid-gallery-caption\" data-grid-gallery-type=\"center\" data-index=\"3\" style=\"display:none;border-radius:100%;; margin:20.3px; width:2150;\" ><div class=\"crop\" style=\" width:2150; height:2150; overflow:hidden;\"><img decoding=\"async\" src=\"https:\/\/www.kosmetika-pedikura.cz\/pedikura\/wp-content\/uploads\/2021\/10\/IMG-20210805-WA0000-215x215.jpg\" class=\"ggImg\" alt=\"IMG-20210805-WA0000\" title=\"P\u0159\u00edjemn\u00e9 m\u00edsto na relax\" data-description=\"P\u0159\u00edjemn\u00e9 m\u00edsto na relax\" data-caption=\"IMG-20210805-WA0000\" data-title=\"IMG-20210805-WA0000\" style=\" width:215px; height:215px;\" \/><\/div><FIGCAPTION class=\"\" data-alpha=\"10\" style=\"color:#ffffff; background-color:#3498db; font-size:140; text-align:left; font-family:Default;\" ><div class=\"grid-gallery-figcaption-wrap\" style=\"\"><\/div><\/FIGCAPTION><\/FIGURE> <div class=\"grid-gallery-clearfix\"><\/div> <\/div> <div class=\"gallery-sharing-bottom\" style=\"display:none;\"> <\/div> <div class=\"gallery-sharing-image\" style=\"display:none;\"> <\/div> <div class=\"gallery-sharing-popup\" style=\"display:none;\"> <\/div> <div class=\"grid-gallery-clearfix\"><\/div> <\/div> <!-- Gallery by Supsystic plugin1.16.0 --><a title=\"WordPress Photo Gallery Plugin\" style=\"display:none;\" href=\"https:\/\/supsystic.com\/plugins\/photo-gallery\/?utm_medium=love_link\" target=\"_blank\">WordPress Photo Gallery Plugin<\/a>\n","protected":false},"excerpt":{"rendered":"<p>&nbsp;<\/p>\n","protected":false},"author":1,"featured_media":0,"parent":0,"menu_order":0,"comment_status":"closed","ping_status":"closed","template":"","meta":{"footnotes":""},"class_list":["entry","author-spravce","post-275","page","type-page","status-publish"],"_links":{"self":[{"href":"https:\/\/www.kosmetika-pedikura.cz\/pedikura\/wp-json\/wp\/v2\/pages\/275","targetHints":{"allow":["GET"]}}],"collection":[{"href":"https:\/\/www.kosmetika-pedikura.cz\/pedikura\/wp-json\/wp\/v2\/pages"}],"about":[{"href":"https:\/\/www.kosmetika-pedikura.cz\/pedikura\/wp-json\/wp\/v2\/types\/page"}],"author":[{"embeddable":true,"href":"https:\/\/www.kosmetika-pedikura.cz\/pedikura\/wp-json\/wp\/v2\/users\/1"}],"replies":[{"embeddable":true,"href":"https:\/\/www.kosmetika-pedikura.cz\/pedikura\/wp-json\/wp\/v2\/comments?post=275"}],"version-history":[{"count":3,"href":"https:\/\/www.kosmetika-pedikura.cz\/pedikura\/wp-json\/wp\/v2\/pages\/275\/revisions"}],"predecessor-version":[{"id":288,"href":"https:\/\/www.kosmetika-pedikura.cz\/pedikura\/wp-json\/wp\/v2\/pages\/275\/revisions\/288"}],"wp:attachment":[{"href":"https:\/\/www.kosmetika-pedikura.cz\/pedikura\/wp-json\/wp\/v2\/media?parent=275"}],"curies":[{"name":"wp","href":"https:\/\/api.w.org\/{rel}","templated":true}]}}